{"id":25,"date":"2020-04-15T13:44:02","date_gmt":"2020-04-15T13:44:02","guid":{"rendered":"http:\/\/reissmann-martin.de\/?page_id=25"},"modified":"2020-04-24T12:02:56","modified_gmt":"2020-04-24T12:02:56","slug":"portfolio","status":"publish","type":"page","link":"http:\/\/reissmann-martin.de\/?page_id=25","title":{"rendered":"portfolio"},"content":{"rendered":"\n<div class=\"wp-block-columns alignfull is-layout-flex wp-container-core-columns-is-layout-9d6595d7 wp-block-columns-is-layout-flex\">\n<div class=\"wp-block-column is-layout-flow wp-block-column-is-layout-flow\">\n<p><a href=\"http:\/\/reissmann-martin.de\/?page_id=271\">Landesb\u00fchnen Sachsen<\/a><\/p>\n\n\n\n<p><a href=\"http:\/\/reissmann-martin.de\/?page_id=276\">Deutscher B\u00fchnenverein &#8211; Landesverband Sachsen<\/a><\/p>\n\n\n\n<p><a href=\"http:\/\/reissmann-martin.de\/?page_id=281\">Theatermanufaktur Dresden<\/a><\/p>\n\n\n\n<p><a href=\"http:\/\/reissmann-martin.de\/?page_id=291\">Stadtentw\u00e4sserung Dresden<\/a><\/p>\n\n\n\n<p>Gernegro\u00df-events<\/p>\n\n\n\n<p>1. Squashclub Dresden<\/p>\n\n\n\n<p>Stadt Dresden<\/p>\n\n\n\n<p>wortgestiker<\/p>\n<\/div>\n\n\n\n<div class=\"wp-block-column is-layout-flow wp-block-column-is-layout-flow\"><\/div>\n\n\n\n<div class=\"wp-block-column is-layout-flow wp-block-column-is-layout-flow\"><\/div>\n<\/div>\n","protected":false},"excerpt":{"rendered":"<p>Landesb\u00fchnen Sachsen Deutscher B\u00fchnenverein &#8211; Landesverband Sachsen Theatermanufaktur Dresden Stadtentw\u00e4sserung Dresden Gernegro\u00df-events 1. Squashclub Dresden Stadt Dresden wortgestiker<\/p>\n","protected":false},"author":1,"featured_media":0,"parent":0,"menu_order":0,"comment_status":"closed","ping_status":"closed","template":"","meta":{"footnotes":"","_links_to":"","_links_to_target":""},"class_list":["post-25","page","type-page","status-publish","hentry"],"_links":{"self":[{"href":"http:\/\/reissmann-martin.de\/index.php?rest_route=\/wp\/v2\/pages\/25","targetHints":{"allow":["GET"]}}],"collection":[{"href":"http:\/\/reissmann-martin.de\/index.php?rest_route=\/wp\/v2\/pages"}],"about":[{"href":"http:\/\/reissmann-martin.de\/index.php?rest_route=\/wp\/v2\/types\/page"}],"author":[{"embeddable":true,"href":"http:\/\/reissmann-martin.de\/index.php?rest_route=\/wp\/v2\/users\/1"}],"replies":[{"embeddable":true,"href":"http:\/\/reissmann-martin.de\/index.php?rest_route=%2Fwp%2Fv2%2Fcomments&post=25"}],"version-history":[{"count":8,"href":"http:\/\/reissmann-martin.de\/index.php?rest_route=\/wp\/v2\/pages\/25\/revisions"}],"predecessor-version":[{"id":293,"href":"http:\/\/reissmann-martin.de\/index.php?rest_route=\/wp\/v2\/pages\/25\/revisions\/293"}],"wp:attachment":[{"href":"http:\/\/reissmann-martin.de\/index.php?rest_route=%2Fwp%2Fv2%2Fmedia&parent=25"}],"curies":[{"name":"wp","href":"https:\/\/api.w.org\/{rel}","templated":true}]}}