{"id":271,"date":"2020-04-24T11:28:19","date_gmt":"2020-04-24T11:28:19","guid":{"rendered":"http:\/\/reissmann-martin.de\/?page_id=271"},"modified":"2020-04-24T14:25:36","modified_gmt":"2020-04-24T14:25:36","slug":"landesbuehnen-sachsen","status":"publish","type":"page","link":"http:\/\/reissmann-martin.de\/?page_id=271","title":{"rendered":"Landesb\u00fchnen Sachsen"},"content":{"rendered":"\n<p><span class=\"has-inline-color has-accent-color\"><strong>Konzept \/ Design von Medien aller Art <\/strong><\/span><\/p>\n\n\n\n<p>Die Landesb\u00fchnen Sachsen GmbH ist ein traditionsreiches Haus, dessen Repertoire Musiktheater (Oper, Operette, Musical), Schauspiel (Trag\u00f6die, Kom\u00f6die, M\u00e4rchentheater), Tanzinszenierungen sowie Figurentheater umfasst. In den Sommermonaten finden regelm\u00e4\u00dfig Vorstellungen auf der Felsenb\u00fchne Rathen statt. Dar\u00fcber hinaus erfolgen w\u00e4hrend der gesamten Spielzeit Gastspiele in verschiedenen Orten innerhalb und auch au\u00dferhalb des Freistaats Sachsen. Die Landesb\u00fchnen Sachsen haben mehr als 600 Auff\u00fchrungen pro Jahr in Sachsen und dar\u00fcber hinaus.<\/p>\n\n\n\n<div class=\"rl-gallery-container rl-loading\" id=\"rl-gallery-container-1\" data-gallery_id=\"323\"> <div class=\"rl-gallery rl-basicgrid-gallery \" id=\"rl-gallery-1\" data-gallery_no=\"1\"> <div class=\"rl-gallery-item\"><a href=\"http:\/\/reissmann-martin.de\/wp-content\/uploads\/2020\/04\/Spzh_junges.studio.jpg\" title=\"\" data-rl_title=\"\" class=\"rl-gallery-link\" data-rl_caption=\"\" data-rel=\"lightbox-gallery-1\"><img loading=\"lazy\" decoding=\"async\" src=\"http:\/\/reissmann-martin.de\/wp-content\/uploads\/2020\/04\/Spzh_junges.studio-150x150.jpg\" width=\"150\" height=\"150\" alt=\"\" \/><\/a><\/div><div class=\"rl-gallery-item\"><a href=\"http:\/\/reissmann-martin.de\/wp-content\/uploads\/2020\/04\/Rathen_Flyer.jpg\" title=\"\" data-rl_title=\"\" class=\"rl-gallery-link\" data-rl_caption=\"\" data-rel=\"lightbox-gallery-1\"><img loading=\"lazy\" decoding=\"async\" src=\"http:\/\/reissmann-martin.de\/wp-content\/uploads\/2020\/04\/Rathen_Flyer-150x150.jpg\" width=\"150\" height=\"150\" alt=\"\" \/><\/a><\/div><div class=\"rl-gallery-item\"><a href=\"http:\/\/reissmann-martin.de\/wp-content\/uploads\/2020\/04\/programmhefte.jpg\" title=\"\" data-rl_title=\"\" class=\"rl-gallery-link\" data-rl_caption=\"\" data-rel=\"lightbox-gallery-1\"><img loading=\"lazy\" decoding=\"async\" src=\"http:\/\/reissmann-martin.de\/wp-content\/uploads\/2020\/04\/programmhefte-150x150.jpg\" width=\"150\" height=\"150\" alt=\"\" \/><\/a><\/div><div class=\"rl-gallery-item\"><a href=\"http:\/\/reissmann-martin.de\/wp-content\/uploads\/2020\/04\/Programmheft-Rathen.jpg\" title=\"\" data-rl_title=\"\" class=\"rl-gallery-link\" data-rl_caption=\"\" data-rel=\"lightbox-gallery-1\"><img loading=\"lazy\" decoding=\"async\" src=\"http:\/\/reissmann-martin.de\/wp-content\/uploads\/2020\/04\/Programmheft-Rathen-150x150.jpg\" width=\"150\" height=\"150\" alt=\"\" \/><\/a><\/div><div class=\"rl-gallery-item\"><a href=\"http:\/\/reissmann-martin.de\/wp-content\/uploads\/2020\/04\/plakate2019.jpg\" title=\"\" data-rl_title=\"\" class=\"rl-gallery-link\" data-rl_caption=\"\" data-rel=\"lightbox-gallery-1\"><img loading=\"lazy\" decoding=\"async\" src=\"http:\/\/reissmann-martin.de\/wp-content\/uploads\/2020\/04\/plakate2019-150x150.jpg\" width=\"150\" height=\"150\" alt=\"\" \/><\/a><\/div><div class=\"rl-gallery-item\"><a href=\"http:\/\/reissmann-martin.de\/wp-content\/uploads\/2020\/04\/monatslepos.jpg\" title=\"\" data-rl_title=\"\" class=\"rl-gallery-link\" data-rl_caption=\"\" data-rel=\"lightbox-gallery-1\"><img loading=\"lazy\" decoding=\"async\" src=\"http:\/\/reissmann-martin.de\/wp-content\/uploads\/2020\/04\/monatslepos-150x150.jpg\" width=\"150\" height=\"150\" alt=\"\" \/><\/a><\/div><div class=\"rl-gallery-item\"><a href=\"http:\/\/reissmann-martin.de\/wp-content\/uploads\/2020\/04\/B\u00fchnenball.jpg\" title=\"\" data-rl_title=\"\" class=\"rl-gallery-link\" data-rl_caption=\"\" data-rel=\"lightbox-gallery-1\"><img loading=\"lazy\" decoding=\"async\" src=\"http:\/\/reissmann-martin.de\/wp-content\/uploads\/2020\/04\/B\u00fchnenball-150x150.jpg\" width=\"150\" height=\"150\" alt=\"\" \/><\/a><\/div><div class=\"rl-gallery-item\"><a href=\"http:\/\/reissmann-martin.de\/wp-content\/uploads\/2020\/04\/LBS_Spielzeithefte.jpg\" title=\"\" data-rl_title=\"\" class=\"rl-gallery-link\" data-rl_caption=\"\" data-rel=\"lightbox-gallery-1\"><img loading=\"lazy\" decoding=\"async\" src=\"http:\/\/reissmann-martin.de\/wp-content\/uploads\/2020\/04\/LBS_Spielzeithefte-150x150.jpg\" width=\"150\" height=\"150\" alt=\"\" \/><\/a><\/div> <\/div> <h4 class=\"rl-gallery-title\">Landesb\u00fchnen Sachsen<\/h4><div class=\"rl-gallery-description\"><\/div> <\/div>\n","protected":false},"excerpt":{"rendered":"<p>Konzept \/ Design von Medien aller Art Die Landesb\u00fchnen Sachsen GmbH ist ein traditionsreiches Haus, dessen Repertoire Musiktheater (Oper, Operette, Musical), Schauspiel (Trag\u00f6die, Kom\u00f6die, M\u00e4rchentheater), Tanzinszenierungen sowie Figurentheater umfasst. In den Sommermonaten finden regelm\u00e4\u00dfig Vorstellungen auf der Felsenb\u00fchne Rathen statt. Dar\u00fcber hinaus erfolgen w\u00e4hrend der gesamten Spielzeit Gastspiele in verschiedenen Orten innerhalb und auch au\u00dferhalb [&hellip;]<\/p>\n","protected":false},"author":1,"featured_media":0,"parent":0,"menu_order":0,"comment_status":"closed","ping_status":"closed","template":"","meta":{"footnotes":"","_links_to":"","_links_to_target":""},"class_list":["post-271","page","type-page","status-publish","hentry"],"_links":{"self":[{"href":"http:\/\/reissmann-martin.de\/index.php?rest_route=\/wp\/v2\/pages\/271","targetHints":{"allow":["GET"]}}],"collection":[{"href":"http:\/\/reissmann-martin.de\/index.php?rest_route=\/wp\/v2\/pages"}],"about":[{"href":"http:\/\/reissmann-martin.de\/index.php?rest_route=\/wp\/v2\/types\/page"}],"author":[{"embeddable":true,"href":"http:\/\/reissmann-martin.de\/index.php?rest_route=\/wp\/v2\/users\/1"}],"replies":[{"embeddable":true,"href":"http:\/\/reissmann-martin.de\/index.php?rest_route=%2Fwp%2Fv2%2Fcomments&post=271"}],"version-history":[{"count":5,"href":"http:\/\/reissmann-martin.de\/index.php?rest_route=\/wp\/v2\/pages\/271\/revisions"}],"predecessor-version":[{"id":325,"href":"http:\/\/reissmann-martin.de\/index.php?rest_route=\/wp\/v2\/pages\/271\/revisions\/325"}],"wp:attachment":[{"href":"http:\/\/reissmann-martin.de\/index.php?rest_route=%2Fwp%2Fv2%2Fmedia&parent=271"}],"curies":[{"name":"wp","href":"https:\/\/api.w.org\/{rel}","templated":true}]}}