{"id":281,"date":"2020-04-24T11:41:05","date_gmt":"2020-04-24T11:41:05","guid":{"rendered":"http:\/\/reissmann-martin.de\/?page_id=281"},"modified":"2020-04-24T11:57:09","modified_gmt":"2020-04-24T11:57:09","slug":"theatermanufaktur-dresden","status":"publish","type":"page","link":"http:\/\/reissmann-martin.de\/?page_id=281","title":{"rendered":"Theatermanufaktur Dresden"},"content":{"rendered":"\n<p><strong><span class=\"has-inline-color has-accent-color\">Konzept \/ Design von Printmedien<\/span><\/strong><\/p>\n\n\n\n<p>2007 gr\u00fcndete Bianka Heuser die Theatermanufaktur in Dresden. Seitdem entstehen regelm\u00e4\u00dfig neue Puppentheater- und Schauspielinszenierungen sowohl f\u00fcr Kinder als auch f\u00fcr Erwachsene. Die Zusammenarbeit mit freischaffenden K\u00fcnstlern aus den Bereichen Schauspiel, Musik und Figurentheater erm\u00f6glicht das breite Spektrum des Repertoires.<br>Die Theatermanufaktur ist mit ihren Inszenierungen mobil unterwegs in Theatern, auf Festivals, in Kultureinrichtungen, Bibliotheken, Kitas und Schulen\u2026 Und kommt gern auch zu Ihnen!<br>Neben Deutschland und \u00d6sterreich gastierte die Theatermanufaktur auch auf Puppentheaterfestivals in Nashville, Taiwan, Italien und\u00a0Iran.<\/p>\n","protected":false},"excerpt":{"rendered":"<p>Konzept \/ Design von Printmedien 2007 gr\u00fcndete Bianka Heuser die Theatermanufaktur in Dresden. Seitdem entstehen regelm\u00e4\u00dfig neue Puppentheater- und Schauspielinszenierungen sowohl f\u00fcr Kinder als auch f\u00fcr Erwachsene. Die Zusammenarbeit mit freischaffenden K\u00fcnstlern aus den Bereichen Schauspiel, Musik und Figurentheater erm\u00f6glicht das breite Spektrum des Repertoires.Die Theatermanufaktur ist mit ihren Inszenierungen mobil unterwegs in Theatern, auf [&hellip;]<\/p>\n","protected":false},"author":1,"featured_media":0,"parent":0,"menu_order":0,"comment_status":"closed","ping_status":"closed","template":"","meta":{"footnotes":"","_links_to":"","_links_to_target":""},"class_list":["post-281","page","type-page","status-publish","hentry"],"_links":{"self":[{"href":"http:\/\/reissmann-martin.de\/index.php?rest_route=\/wp\/v2\/pages\/281","targetHints":{"allow":["GET"]}}],"collection":[{"href":"http:\/\/reissmann-martin.de\/index.php?rest_route=\/wp\/v2\/pages"}],"about":[{"href":"http:\/\/reissmann-martin.de\/index.php?rest_route=\/wp\/v2\/types\/page"}],"author":[{"embeddable":true,"href":"http:\/\/reissmann-martin.de\/index.php?rest_route=\/wp\/v2\/users\/1"}],"replies":[{"embeddable":true,"href":"http:\/\/reissmann-martin.de\/index.php?rest_route=%2Fwp%2Fv2%2Fcomments&post=281"}],"version-history":[{"count":3,"href":"http:\/\/reissmann-martin.de\/index.php?rest_route=\/wp\/v2\/pages\/281\/revisions"}],"predecessor-version":[{"id":290,"href":"http:\/\/reissmann-martin.de\/index.php?rest_route=\/wp\/v2\/pages\/281\/revisions\/290"}],"wp:attachment":[{"href":"http:\/\/reissmann-martin.de\/index.php?rest_route=%2Fwp%2Fv2%2Fmedia&parent=281"}],"curies":[{"name":"wp","href":"https:\/\/api.w.org\/{rel}","templated":true}]}}