{"id":291,"date":"2020-04-24T12:01:47","date_gmt":"2020-04-24T12:01:47","guid":{"rendered":"http:\/\/reissmann-martin.de\/?page_id=291"},"modified":"2020-04-24T12:01:47","modified_gmt":"2020-04-24T12:01:47","slug":"stadtentwaesserung-dresden","status":"publish","type":"page","link":"http:\/\/reissmann-martin.de\/?page_id=291","title":{"rendered":"Stadtentw\u00e4sserung Dresden"},"content":{"rendered":"\n<p><span class=\"has-inline-color has-accent-color\"><strong>Konzept und Design von Printmedien <\/strong><\/span><\/p>\n\n\n\n<p>In der Landeshauptstadt Dresden nimmt der &#8222;<strong>Eigenbetrieb\u00a0<\/strong>Stadtentw\u00e4sserung Dresden&#8220; die kommunale Verantwortung f\u00fcr die Ableitung und Reinigung des Abwassers wahr.<br>Mit der technischen und kaufm\u00e4nnischen Aufgabenerf\u00fcllung ist die &#8222;Stadtentw\u00e4sserung Dresden\u00a0<strong>GmbH<\/strong>&#8220; (SEDD GmbH) beauftragt.<\/p>\n","protected":false},"excerpt":{"rendered":"<p>Konzept und Design von Printmedien In der Landeshauptstadt Dresden nimmt der &#8222;Eigenbetrieb\u00a0Stadtentw\u00e4sserung Dresden&#8220; die kommunale Verantwortung f\u00fcr die Ableitung und Reinigung des Abwassers wahr.Mit der technischen und kaufm\u00e4nnischen Aufgabenerf\u00fcllung ist die &#8222;Stadtentw\u00e4sserung Dresden\u00a0GmbH&#8220; (SEDD GmbH) beauftragt.<\/p>\n","protected":false},"author":1,"featured_media":0,"parent":0,"menu_order":0,"comment_status":"closed","ping_status":"closed","template":"","meta":{"footnotes":"","_links_to":"","_links_to_target":""},"class_list":["post-291","page","type-page","status-publish","hentry"],"_links":{"self":[{"href":"http:\/\/reissmann-martin.de\/index.php?rest_route=\/wp\/v2\/pages\/291","targetHints":{"allow":["GET"]}}],"collection":[{"href":"http:\/\/reissmann-martin.de\/index.php?rest_route=\/wp\/v2\/pages"}],"about":[{"href":"http:\/\/reissmann-martin.de\/index.php?rest_route=\/wp\/v2\/types\/page"}],"author":[{"embeddable":true,"href":"http:\/\/reissmann-martin.de\/index.php?rest_route=\/wp\/v2\/users\/1"}],"replies":[{"embeddable":true,"href":"http:\/\/reissmann-martin.de\/index.php?rest_route=%2Fwp%2Fv2%2Fcomments&post=291"}],"version-history":[{"count":1,"href":"http:\/\/reissmann-martin.de\/index.php?rest_route=\/wp\/v2\/pages\/291\/revisions"}],"predecessor-version":[{"id":292,"href":"http:\/\/reissmann-martin.de\/index.php?rest_route=\/wp\/v2\/pages\/291\/revisions\/292"}],"wp:attachment":[{"href":"http:\/\/reissmann-martin.de\/index.php?rest_route=%2Fwp%2Fv2%2Fmedia&parent=291"}],"curies":[{"name":"wp","href":"https:\/\/api.w.org\/{rel}","templated":true}]}}